{"id":43,"date":"2024-02-14T18:44:19","date_gmt":"2024-02-14T21:44:19","guid":{"rendered":"http:\/\/gabrielxavierarquitetura.cc\/?page_id=43"},"modified":"2024-02-14T18:44:19","modified_gmt":"2024-02-14T21:44:19","slug":"termos-e-condicoes","status":"publish","type":"page","link":"http:\/\/gabrielxavierarquitetura.cc\/?page_id=43","title":{"rendered":"Termos e Condi\u00e7\u00f5es"},"content":{"rendered":"\n<p>Estes Termos e Condi\u00e7\u00f5es de Uso (&#8220;Termos&#8221;) regem o uso do site operado por Gabriel Xavier Arquitetura &amp; Interiores. Ao acessar e utilizar este Site, voc\u00ea concorda com estes Termos. Se voc\u00ea n\u00e3o concorda com algum aspecto destes Termos, por favor, n\u00e3o utilize o nosso Site.<\/p>\n\n\n\n<ol class=\"wp-block-list\">\n<li><strong>Uso do Site:<\/strong>\n<ul class=\"wp-block-list\">\n<li>Voc\u00ea concorda em utilizar o Site somente para fins legais e de acordo com estes Termos.<\/li>\n\n\n\n<li>Voc\u00ea concorda em n\u00e3o utilizar o Site de qualquer forma que possa danificar, desativar, sobrecarregar ou prejudicar o funcionamento do Site ou interferir no uso e aproveitamento de terceiros do Site.<\/li>\n<\/ul>\n<\/li>\n\n\n\n<li><strong>Conte\u00fado do Site:<\/strong>\n<ul class=\"wp-block-list\">\n<li>Todo o conte\u00fado dispon\u00edvel no Site \u00e9 de propriedade exclusiva de Gabriel Xavier Arquitetura &amp; Interiores ou de seus licenciadores e est\u00e1 protegido por leis de direitos autorais e outras leis de propriedade intelectual.<\/li>\n\n\n\n<li>Voc\u00ea concorda em n\u00e3o reproduzir, distribuir, modificar, exibir, realizar, publicar, licenciar, criar trabalhos derivados, transferir ou vender qualquer conte\u00fado ou informa\u00e7\u00e3o obtida atrav\u00e9s do Site sem a permiss\u00e3o pr\u00e9via por escrito de Gabriel Xavier Arquitetura &amp; Interiores.<\/li>\n<\/ul>\n<\/li>\n\n\n\n<li><strong>Links para Outros Sites:<\/strong>\n<ul class=\"wp-block-list\">\n<li>Nosso Site pode conter links para sites de terceiros que n\u00e3o s\u00e3o controlados ou operados por Gabriel Xavier Arquitetura &amp; Interiores.<\/li>\n\n\n\n<li>Gabriel Xavier Arquitetura &amp; Interiores n\u00e3o tem controle sobre, e n\u00e3o assume responsabilidade pelo conte\u00fado, pol\u00edticas de privacidade ou pr\u00e1ticas de quaisquer sites ou servi\u00e7os de terceiros. Voc\u00ea reconhece e concorda que Gabriel Xavier Arquitetura &amp; Interiores n\u00e3o ser\u00e1 respons\u00e1vel, direta ou indiretamente, por qualquer dano ou perda causado ou supostamente causado pelo uso ou confian\u00e7a em qualquer conte\u00fado, bens ou servi\u00e7os dispon\u00edveis em ou atrav\u00e9s de tais sites ou servi\u00e7os.<\/li>\n<\/ul>\n<\/li>\n\n\n\n<li><strong>Limita\u00e7\u00e3o de Responsabilidade:<\/strong>\n<ul class=\"wp-block-list\">\n<li>Em nenhuma circunst\u00e2ncia Gabriel Xavier Arquitetura &amp; Interiores, seus diretores, funcion\u00e1rios, parceiros ou afiliados ser\u00e3o respons\u00e1veis por quaisquer danos diretos, indiretos, consequenciais, incidentais, especiais, punitivos ou outros danos resultantes de ou em conex\u00e3o com o uso, incapacidade de uso, ou resultados do uso do Site, mesmo que tenham sido informados sobre a possibilidade de tais danos.<\/li>\n<\/ul>\n<\/li>\n\n\n\n<li><strong>Modifica\u00e7\u00f5es destes Termos:<\/strong>\n<ul class=\"wp-block-list\">\n<li>Reservamo-nos o direito, a nosso crit\u00e9rio, de modificar ou substituir estes Termos a qualquer momento. Se uma revis\u00e3o for material, tentaremos fornecer um aviso com pelo menos 30 dias de anteced\u00eancia antes que quaisquer novos termos entrem em vigor. O que constitui uma altera\u00e7\u00e3o material ser\u00e1 determinado a nosso crit\u00e9rio exclusivo.<\/li>\n\n\n\n<li>Ao continuar a acessar ou utilizar nosso Site ap\u00f3s essas revis\u00f5es entrarem em vigor, voc\u00ea concorda em ficar vinculado aos termos revisados. Se voc\u00ea n\u00e3o concordar com os novos termos, por favor, pare de usar o Site.<\/li>\n<\/ul>\n<\/li>\n\n\n\n<li><strong>Lei Aplic\u00e1vel:<\/strong>\n<ul class=\"wp-block-list\">\n<li>Estes Termos ser\u00e3o regidos e interpretados de acordo com as leis do Pa\u00eds, sem considera\u00e7\u00e3o aos seus conflitos de disposi\u00e7\u00f5es legais.<\/li>\n<\/ul>\n<\/li>\n<\/ol>\n\n\n\n<p>Se voc\u00ea tiver alguma d\u00favida sobre estes Termos, entre em contato conosco atrav\u00e9s do Nosso WhatsApp.<\/p>\n\n\n\n<p>Ao acessar ou usar o nosso Site, voc\u00ea concorda em cumprir estes Termos.<\/p>\n","protected":false},"excerpt":{"rendered":"<p>Estes Termos e Condi\u00e7\u00f5es de Uso (&#8220;Termos&#8221;) regem o uso do site operado por Gabriel Xavier Arquitetura &amp; Interiores. Ao acessar e utilizar este Site, voc\u00ea concorda com estes Termos. Se voc\u00ea n\u00e3o concorda com algum aspecto destes Termos, por favor, n\u00e3o utilize o nosso Site. Se voc\u00ea tiver alguma d\u00favida sobre estes Termos, entre [&hellip;]<\/p>\n","protected":false},"author":1,"featured_media":0,"parent":0,"menu_order":0,"comment_status":"closed","ping_status":"closed","template":"","meta":{"footnotes":""},"class_list":["post-43","page","type-page","status-publish","hentry"],"_links":{"self":[{"href":"http:\/\/gabrielxavierarquitetura.cc\/index.php?rest_route=\/wp\/v2\/pages\/43","targetHints":{"allow":["GET"]}}],"collection":[{"href":"http:\/\/gabrielxavierarquitetura.cc\/index.php?rest_route=\/wp\/v2\/pages"}],"about":[{"href":"http:\/\/gabrielxavierarquitetura.cc\/index.php?rest_route=\/wp\/v2\/types\/page"}],"author":[{"embeddable":true,"href":"http:\/\/gabrielxavierarquitetura.cc\/index.php?rest_route=\/wp\/v2\/users\/1"}],"replies":[{"embeddable":true,"href":"http:\/\/gabrielxavierarquitetura.cc\/index.php?rest_route=%2Fwp%2Fv2%2Fcomments&post=43"}],"version-history":[{"count":1,"href":"http:\/\/gabrielxavierarquitetura.cc\/index.php?rest_route=\/wp\/v2\/pages\/43\/revisions"}],"predecessor-version":[{"id":44,"href":"http:\/\/gabrielxavierarquitetura.cc\/index.php?rest_route=\/wp\/v2\/pages\/43\/revisions\/44"}],"wp:attachment":[{"href":"http:\/\/gabrielxavierarquitetura.cc\/index.php?rest_route=%2Fwp%2Fv2%2Fmedia&parent=43"}],"curies":[{"name":"wp","href":"https:\/\/api.w.org\/{rel}","templated":true}]}}